{"id":1517,"date":"2025-11-22T14:20:17","date_gmt":"2025-11-22T07:20:17","guid":{"rendered":"https:\/\/3dmodelbuy.com\/?post_type=product&#038;p=1517"},"modified":"2025-12-03T13:17:35","modified_gmt":"2025-12-03T06:17:35","slug":"chain-kunai-kunai-gan-xich-sao-chep","status":"publish","type":"product","link":"https:\/\/3dmodelbuy.com\/?product=chain-kunai-kunai-gan-xich-sao-chep","title":{"rendered":"Xe Ng\u1ef1a C\u1ed5"},"content":{"rendered":"<p data-start=\"236\" data-end=\"538\">\u0110\u00e2y l\u00e0 m\u00f4 h\u00ecnh xe ng\u1ef1a th\u1eddi c\u1ed5 \u0111\u01b0\u1ee3c d\u1ef1ng l\u1ea1i ho\u00e0n to\u00e0n trong <strong data-start=\"345\" data-end=\"362\">Autodesk Maya v\u00e0 Substance paint 3d <\/strong>\u00a0T\u1eebng chi ti\u1ebft nh\u01b0 khung g\u1ed7, b\u00e1nh xe, m\u00e1i cong v\u00e0 hoa v\u0103n c\u1eeda s\u1ed5 \u0111\u1ec1u \u0111\u01b0\u1ee3c l\u00e0m th\u1ee7 c\u00f4ng, d\u1ef1a tr\u00ean c\u00e1c t\u01b0 li\u1ec7u l\u1ecbch s\u1eed \u0111\u1ec3 t\u00e1i hi\u1ec7n \u0111\u00fang tinh th\u1ea7n m\u1ed9c m\u1ea1c c\u1ee7a ph\u01b0\u01a1ng ti\u1ec7n c\u1ed5 x\u01b0a.<\/p>\n<p data-start=\"540\" data-end=\"761\">Chi\u1ebfc xe mang phong c\u00e1ch \u00c1 \u0110\u00f4ng, v\u1edbi ch\u1ea5t li\u1ec7u g\u1ed7 c\u0169, kim lo\u1ea1i r\u1ec9 nh\u1eb9 v\u00e0 r\u00e8m v\u1ea3i xanh b\u00ean trong \u2013 t\u1ea1o c\u1ea3m gi\u00e1c v\u1eeba ho\u00e0i c\u1ed5 v\u1eeba ch\u00e2n th\u1eadt.<br data-start=\"677\" data-end=\"680\" \/>M\u00ecnh render trong m\u00f4i tr\u01b0\u1eddng \u00e1nh s\u00e1ng ngo\u00e0i tr\u1eddi \u0111\u1ec3 l\u00e0m r\u00f5 c\u1ea5u tr\u00fac v\u00e0 ch\u1ea5t li\u1ec7u.<\/p>\n<hr data-start=\"636\" data-end=\"639\" \/>\n<h2 data-start=\"641\" data-end=\"685\"><strong data-start=\"644\" data-end=\"685\">2. Phi\u00ean b\u1ea3n C\u1ed5 trong game\/phim<\/strong><\/h2>\n<p data-start=\"686\" data-end=\"725\">D\u1ea1ng b\u1ea1n \u0111ang c\u1ea7m trong h\u00ecnh gi\u1ed1ng v\u1edbi:<\/p>\n<ul data-start=\"726\" data-end=\"846\">\n<li data-start=\"726\" data-end=\"795\">\n<p data-start=\"728\" data-end=\"795\">Phim C\u1ed5 trang<\/p>\n<\/li>\n<li data-start=\"796\" data-end=\"846\">\n<p data-start=\"798\" data-end=\"846\">Chuy\u1ec3n \u0111\u00f4ng dynamic<\/p>\n<\/li>\n<\/ul>\n<p data-start=\"848\" data-end=\"949\">Lo\u1ea1i n\u00e0y \u0111\u01b0\u1ee3c thi\u1ebft k\u1ebf &#8211; d\u1ef1a tr\u00ean nh\u1eefng di t\u00edch L\u1ecbch s\u1eed Vi\u1ec7t Nam th\u1eddi k\u1ef3 1880 -1900<\/p>\n","protected":false},"excerpt":{"rendered":"<p>\u0110\u00e2y l\u00e0 m\u00f4 h\u00ecnh xe ng\u1ef1a th\u1eddi c\u1ed5 \u0111\u01b0\u1ee3c d\u1ef1ng l\u1ea1i ho\u00e0n to\u00e0n trong Autodesk Maya v\u00e0 Substance paint 3d \u00a0T\u1eebng chi ti\u1ebft nh\u01b0 khung g\u1ed7, b\u00e1nh xe, m\u00e1i cong v\u00e0 hoa v\u0103n c\u1eeda s\u1ed5 \u0111\u1ec1u \u0111\u01b0\u1ee3c l\u00e0m th\u1ee7 c\u00f4ng, d\u1ef1a tr\u00ean c\u00e1c t\u01b0 li\u1ec7u l\u1ecbch s\u1eed \u0111\u1ec3 t\u00e1i hi\u1ec7n \u0111\u00fang tinh th\u1ea7n m\u1ed9c m\u1ea1c [&hellip;]<\/p>\n","protected":false},"featured_media":1894,"template":"","meta":[],"product_brand":[],"product_cat":[38],"product_tag":[45,47],"class_list":{"0":"post-1517","1":"product","2":"type-product","3":"status-publish","4":"has-post-thumbnail","6":"product_cat-interior-classic","7":"product_tag-design","8":"product_tag-weapons","10":"first","11":"instock","12":"taxable","13":"shipping-taxable","14":"purchasable","15":"product-type-simple"},"_links":{"self":[{"href":"https:\/\/3dmodelbuy.com\/index.php?rest_route=\/wp\/v2\/product\/1517","targetHints":{"allow":["GET"]}}],"collection":[{"href":"https:\/\/3dmodelbuy.com\/index.php?rest_route=\/wp\/v2\/product"}],"about":[{"href":"https:\/\/3dmodelbuy.com\/index.php?rest_route=\/wp\/v2\/types\/product"}],"wp:featuredmedia":[{"embeddable":true,"href":"https:\/\/3dmodelbuy.com\/index.php?rest_route=\/wp\/v2\/media\/1894"}],"wp:attachment":[{"href":"https:\/\/3dmodelbuy.com\/index.php?rest_route=%2Fwp%2Fv2%2Fmedia&parent=1517"}],"wp:term":[{"taxonomy":"product_brand","embeddable":true,"href":"https:\/\/3dmodelbuy.com\/index.php?rest_route=%2Fwp%2Fv2%2Fproduct_brand&post=1517"},{"taxonomy":"product_cat","embeddable":true,"href":"https:\/\/3dmodelbuy.com\/index.php?rest_route=%2Fwp%2Fv2%2Fproduct_cat&post=1517"},{"taxonomy":"product_tag","embeddable":true,"href":"https:\/\/3dmodelbuy.com\/index.php?rest_route=%2Fwp%2Fv2%2Fproduct_tag&post=1517"}],"curies":[{"name":"wp","href":"https:\/\/api.w.org\/{rel}","templated":true}]}}