{"id":1422,"date":"2025-11-21T07:58:49","date_gmt":"2025-11-21T00:58:49","guid":{"rendered":"https:\/\/3dmodelbuy.com\/?post_type=product&#038;p=1422"},"modified":"2025-11-21T12:38:06","modified_gmt":"2025-11-21T05:38:06","slug":"ghe-dau-copy","status":"publish","type":"product","link":"https:\/\/3dmodelbuy.com\/?product=ghe-dau-copy","title":{"rendered":"Gh\u1ebf \u0111\u1ea9u"},"content":{"rendered":"<p class=\"text-base text-base-content leading-tight p-0 mr-2\">Ch\u1ea5t Li\u1ec7u : G\u1ed7\/V\u1ea3i<\/p>\n<p class=\"text-base text-base-content leading-tight p-0 mr-2\">G\u1ed7 ho\u00e0n thi\u1ec7n th\u1ec3 hi\u1ec7n: C\u00e0 ph\u00ea<\/p>\n<p class=\"text-base text-base-content leading-tight p-0 mr-2\">Texture \u1ea3nh l\u00e0 m\u1eabu. T\u1ea5t c\u1ea3 c\u00e1c lo\u1ea1i v\u1ea3i \u0111\u1ec1u c\u00f3 s\u1eb5n, ngo\u00e0i ra, c\u00e1c\u00a0 s\u1eeda \u0111\u1ed5i theo y\u00eau c\u1ea7u\u00a0 s\u1ebd m\u1ea5t 1 ng\u00e0y<\/p>\n<p class=\"text-base text-base-content leading-tight p-0 mr-2\">Duy\u1ec7t qua Sophia Home\u00a0\u0110\u1ed3 ho\u00e0n thi\u1ec7n b\u1eb1ng g\u1ed7\u00a0v\u00e0\u00a0T\u00f9y ch\u1ecdn v\u1ea3i\u00a0 \u0111\u1ec3 t\u00ecm ra s\u1ef1 k\u1ebft h\u1ee3p ho\u00e0n h\u1ea3o.<\/p>\n<p class=\"text-base text-base-content leading-tight p-0 mr-2\">M\u00e0u s\u1eafc c\u1ee7a s\u1ea3n ph\u1ea9m c\u00f3 th\u1ec3 h\u01a1i kh\u00e1c so v\u1edbi th\u1ef1c t\u1ebf do y\u1ebfu t\u1ed1 t\u1ef1 nhi\u00ean &amp; s\u1ef1 bi\u1ebfn \u0111\u1ed5i c\u1ee7a th\u1edb g\u1ed7, \u0111\u1ed3ng th\u1eddi tr\u00ean m\u00e0n h\u00ecnh, m\u1eabu c\u00f3 th\u1ec3 kh\u00e1c so v\u1edbi th\u1ef1c t\u1ebf, do \u0111\u00f3 \u0111\u1ec3 th\u1ec3 hi\u1ec7n ch\u00ednh x\u00e1c, vui l\u00f2ng tham kh\u1ea3o c\u00e1c m\u1eabu th\u1ef1c t\u1ebf m\u1eabu \u0111\u01b0\u1ee3c model theo h\u00e0ng m\u1eabu \u1edf Abu Dhabi &amp; Dubai.<\/p>\n<p class=\"text-base text-base-content leading-tight p-0 mr-2\">\n","protected":false},"excerpt":{"rendered":"<h5 class=\"product_title entry-title\">Lion Claw Ottoman<\/h5>\n<table class=\"shop_attributes\">\n<tbody>\n<tr>\n<th>Dimensions<\/th>\n<td class=\"product_dimensions\">W65 x D50 x H48 (cm)<\/td>\n<\/tr>\n<\/tbody>\n<\/table>\n<p>[wpforms id=&#8221;1149&#8243; title=&#8221;true&#8221;]<\/p>\n<p>L\u00e0m phong ph\u00fa th\u00eam d\u1ef1 \u00e1n n\u1ed9i th\u1ea5t c\u1ee7a b\u1ea1n v\u1edbi m\u1ed9t chi\u1ebfc gh\u1ebf \u0111\u1ea9u sang tr\u1ecdng, b\u1ea1n c\u00f3 th\u1ec3 y\u00eau c\u1ea7u \u0111\u1ed5i texture theo \u00fd mu\u1ed1n .<\/p>\n","protected":false},"featured_media":1409,"template":"","meta":[],"product_brand":[44],"product_cat":[38],"product_tag":[45,46],"class_list":{"0":"post-1422","1":"product","2":"type-product","3":"status-publish","4":"has-post-thumbnail","6":"product_brand-sell-interior","7":"product_cat-interior-classic","8":"product_tag-design","9":"product_tag-grett","11":"first","12":"instock","13":"sale","14":"downloadable","15":"purchasable","16":"product-type-simple"},"_links":{"self":[{"href":"https:\/\/3dmodelbuy.com\/index.php?rest_route=\/wp\/v2\/product\/1422","targetHints":{"allow":["GET"]}}],"collection":[{"href":"https:\/\/3dmodelbuy.com\/index.php?rest_route=\/wp\/v2\/product"}],"about":[{"href":"https:\/\/3dmodelbuy.com\/index.php?rest_route=\/wp\/v2\/types\/product"}],"wp:featuredmedia":[{"embeddable":true,"href":"https:\/\/3dmodelbuy.com\/index.php?rest_route=\/wp\/v2\/media\/1409"}],"wp:attachment":[{"href":"https:\/\/3dmodelbuy.com\/index.php?rest_route=%2Fwp%2Fv2%2Fmedia&parent=1422"}],"wp:term":[{"taxonomy":"product_brand","embeddable":true,"href":"https:\/\/3dmodelbuy.com\/index.php?rest_route=%2Fwp%2Fv2%2Fproduct_brand&post=1422"},{"taxonomy":"product_cat","embeddable":true,"href":"https:\/\/3dmodelbuy.com\/index.php?rest_route=%2Fwp%2Fv2%2Fproduct_cat&post=1422"},{"taxonomy":"product_tag","embeddable":true,"href":"https:\/\/3dmodelbuy.com\/index.php?rest_route=%2Fwp%2Fv2%2Fproduct_tag&post=1422"}],"curies":[{"name":"wp","href":"https:\/\/api.w.org\/{rel}","templated":true}]}}