{"id":1565,"date":"2025-11-23T08:04:27","date_gmt":"2025-11-23T01:04:27","guid":{"rendered":"https:\/\/3dmodelbuy.com\/?page_id=1565"},"modified":"2025-12-01T14:31:13","modified_gmt":"2025-12-01T07:31:13","slug":"danh-muc","status":"publish","type":"page","link":"https:\/\/3dmodelbuy.com\/?page_id=1565","title":{"rendered":"Danh m\u1ee5c"},"content":{"rendered":"\t\t<div data-elementor-type=\"wp-page\" data-elementor-id=\"1565\" class=\"elementor elementor-1565\">\n\t\t\t\t<div class=\"elementor-element elementor-element-0235e13 e-flex e-con-boxed e-con e-parent\" data-id=\"0235e13\" data-element_type=\"container\">\n\t\t\t\t\t<div class=\"e-con-inner\">\n\t\t\t\t<div class=\"elementor-element elementor-element-6512639 elementor-widget elementor-widget-text-editor\" data-id=\"6512639\" data-element_type=\"widget\" data-widget_type=\"text-editor.default\">\n\t\t\t\t<div class=\"elementor-widget-container\">\n\t\t\t\t\t\t\t\t\t<p><span style=\"color: #ffde00;\"><span style=\"color: #000000;\"><strong>N\u01a1i \u0111\u00e2y<\/strong><\/span> \\ Th\u01b0 vi\u1ec7n t\u1ef1 ch\u1ecdn d\u00e0nh cho b\u1ea1n <\/span><\/p>\t\t\t\t\t\t\t\t<\/div>\n\t\t\t\t<\/div>\n\t\t<div class=\"elementor-element elementor-element-8ca47dc e-con-full e-flex e-con e-child\" data-id=\"8ca47dc\" data-element_type=\"container\">\n\t\t\t\t<div class=\"elementor-element elementor-element-65b9f05 elementor-widget elementor-widget-heading\" data-id=\"65b9f05\" data-element_type=\"widget\" data-widget_type=\"heading.default\">\n\t\t\t\t<div class=\"elementor-widget-container\">\n\t\t\t\t\t<h6 class=\"elementor-heading-title elementor-size-default\">T\u1ea5t c\u1ea3 \u1edf \u0111\u00e2y<\/h6>\t\t\t\t<\/div>\n\t\t\t\t<\/div>\n\t\t\t\t<\/div>\n\t\t<div class=\"elementor-element elementor-element-1538433 e-con-full e-flex e-con e-child\" data-id=\"1538433\" data-element_type=\"container\">\n\t\t\t\t<\/div>\n\t\t\t\t\t<\/div>\n\t\t\t\t<\/div>\n\t\t<div class=\"elementor-element elementor-element-88f6d77 e-flex e-con-boxed e-con e-parent\" data-id=\"88f6d77\" data-element_type=\"container\">\n\t\t\t\t\t<div class=\"e-con-inner\">\n\t\t<div class=\"elementor-element elementor-element-530b2e2 e-con-full e-flex e-con e-child\" data-id=\"530b2e2\" data-element_type=\"container\">\n\t\t\t\t<div class=\"elementor-element elementor-element-1f3697d elementor-widget elementor-widget-image\" data-id=\"1f3697d\" data-element_type=\"widget\" data-widget_type=\"image.default\">\n\t\t\t\t<div class=\"elementor-widget-container\">\n\t\t\t\t\t\t\t\t\t\t\t\t\t\t\t\t<a href=\"https:\/\/3dmodelbuy.com\/?product_cat=furniture\">\n\t\t\t\t\t\t\t<img fetchpriority=\"high\" decoding=\"async\" width=\"300\" height=\"300\" src=\"https:\/\/3dmodelbuy.com\/wp-content\/uploads\/2025\/11\/Noijthat_MD_512-300x300.png\" class=\"attachment-medium size-medium wp-image-1787\" alt=\"\" srcset=\"https:\/\/3dmodelbuy.com\/wp-content\/uploads\/2025\/11\/Noijthat_MD_512-300x300.png 300w, https:\/\/3dmodelbuy.com\/wp-content\/uploads\/2025\/11\/Noijthat_MD_512-150x150.png 150w, https:\/\/3dmodelbuy.com\/wp-content\/uploads\/2025\/11\/Noijthat_MD_512-12x12.png 12w, https:\/\/3dmodelbuy.com\/wp-content\/uploads\/2025\/11\/Noijthat_MD_512-100x100.png 100w, https:\/\/3dmodelbuy.com\/wp-content\/uploads\/2025\/11\/Noijthat_MD_512.png 512w\" sizes=\"(max-width: 300px) 100vw, 300px\" \/>\t\t\t\t\t\t\t\t<\/a>\n\t\t\t\t\t\t\t\t\t\t\t\t\t\t\t<\/div>\n\t\t\t\t<\/div>\n\t\t\t\t<div class=\"elementor-element elementor-element-13ea227 elementor-widget elementor-widget-text-editor\" data-id=\"13ea227\" data-element_type=\"widget\" data-widget_type=\"text-editor.default\">\n\t\t\t\t<div class=\"elementor-widget-container\">\n\t\t\t\t\t\t\t\t\t<strong>\u0110\u1ed3 d\u00f9ng N\u1ed9i th\u1ea5t.<\/strong><br>\n\n\n<em>C\u00e1c \u0111\u1ed3 d\u00f9ng n\u1ed9i th\u1ea5t ph\u1ed5 bi\u1ebfn<\/em>\t\t\t\t\t\t\t\t<\/div>\n\t\t\t\t<\/div>\n\t\t\t\t<\/div>\n\t\t<div class=\"elementor-element elementor-element-4343e53 e-con-full e-flex e-con e-child\" data-id=\"4343e53\" data-element_type=\"container\">\n\t\t\t\t<div class=\"elementor-element elementor-element-61923fc elementor-widget elementor-widget-image\" data-id=\"61923fc\" data-element_type=\"widget\" data-widget_type=\"image.default\">\n\t\t\t\t<div class=\"elementor-widget-container\">\n\t\t\t\t\t\t\t\t\t\t\t\t\t\t\t<img decoding=\"async\" width=\"300\" height=\"300\" src=\"https:\/\/3dmodelbuy.com\/wp-content\/uploads\/2025\/11\/Codien512px-300x300.png\" class=\"attachment-medium size-medium wp-image-1783\" alt=\"\" srcset=\"https:\/\/3dmodelbuy.com\/wp-content\/uploads\/2025\/11\/Codien512px-300x300.png 300w, https:\/\/3dmodelbuy.com\/wp-content\/uploads\/2025\/11\/Codien512px-150x150.png 150w, https:\/\/3dmodelbuy.com\/wp-content\/uploads\/2025\/11\/Codien512px-12x12.png 12w, https:\/\/3dmodelbuy.com\/wp-content\/uploads\/2025\/11\/Codien512px-100x100.png 100w, https:\/\/3dmodelbuy.com\/wp-content\/uploads\/2025\/11\/Codien512px.png 512w\" sizes=\"(max-width: 300px) 100vw, 300px\" \/>\t\t\t\t\t\t\t\t\t\t\t\t\t\t\t<\/div>\n\t\t\t\t<\/div>\n\t\t\t\t<div class=\"elementor-element elementor-element-420ca16 elementor-widget elementor-widget-text-editor\" data-id=\"420ca16\" data-element_type=\"widget\" data-widget_type=\"text-editor.default\">\n\t\t\t\t<div class=\"elementor-widget-container\">\n\t\t\t\t\t\t\t\t\t<strong>3d model c\u1ed5 \u0111i\u1ec3n.<\/strong><br>\n\n\n<em>V\u1eadt d\u1ee5ng &#8211; hoa ti\u1ebft th\u1eddi c\u1ed5<\/em>\n\t\t\t\t\t\t\t\t<\/div>\n\t\t\t\t<\/div>\n\t\t\t\t<\/div>\n\t\t<div class=\"elementor-element elementor-element-6411c6e e-con-full e-flex e-con e-child\" data-id=\"6411c6e\" data-element_type=\"container\">\n\t\t\t\t<div class=\"elementor-element elementor-element-64bd2b0 elementor-widget elementor-widget-image\" data-id=\"64bd2b0\" data-element_type=\"widget\" data-widget_type=\"image.default\">\n\t\t\t\t<div class=\"elementor-widget-container\">\n\t\t\t\t\t\t\t\t\t\t\t\t\t\t\t<img decoding=\"async\" width=\"300\" height=\"300\" src=\"https:\/\/3dmodelbuy.com\/wp-content\/uploads\/2025\/11\/Cogioi_512px-300x300.png\" class=\"attachment-medium size-medium wp-image-1786\" alt=\"\" srcset=\"https:\/\/3dmodelbuy.com\/wp-content\/uploads\/2025\/11\/Cogioi_512px-300x300.png 300w, https:\/\/3dmodelbuy.com\/wp-content\/uploads\/2025\/11\/Cogioi_512px-150x150.png 150w, https:\/\/3dmodelbuy.com\/wp-content\/uploads\/2025\/11\/Cogioi_512px-12x12.png 12w, https:\/\/3dmodelbuy.com\/wp-content\/uploads\/2025\/11\/Cogioi_512px-100x100.png 100w, https:\/\/3dmodelbuy.com\/wp-content\/uploads\/2025\/11\/Cogioi_512px.png 512w\" sizes=\"(max-width: 300px) 100vw, 300px\" \/>\t\t\t\t\t\t\t\t\t\t\t\t\t\t\t<\/div>\n\t\t\t\t<\/div>\n\t\t\t\t<div class=\"elementor-element elementor-element-ed73572 elementor-widget elementor-widget-text-editor\" data-id=\"ed73572\" data-element_type=\"widget\" data-widget_type=\"text-editor.default\">\n\t\t\t\t<div class=\"elementor-widget-container\">\n\t\t\t\t\t\t\t\t\t<strong>C\u01a1 gi\u1edbi Hi\u1ec7n \u0111\u1ea1i<\/strong><br>\n\n<em>NHi\u1ec1u lo\u1ea1i xe thi\u1ebft k\u1ebf l\u1ea1.<\/em>\t\t\t\t\t\t\t\t<\/div>\n\t\t\t\t<\/div>\n\t\t\t\t<\/div>\n\t\t<div class=\"elementor-element elementor-element-617d668 e-con-full e-flex e-con e-child\" data-id=\"617d668\" data-element_type=\"container\">\n\t\t\t\t<div class=\"elementor-element elementor-element-225947d elementor-widget elementor-widget-image\" data-id=\"225947d\" data-element_type=\"widget\" data-widget_type=\"image.default\">\n\t\t\t\t<div class=\"elementor-widget-container\">\n\t\t\t\t\t\t\t\t\t\t\t\t\t\t\t<img loading=\"lazy\" decoding=\"async\" width=\"300\" height=\"300\" src=\"https:\/\/3dmodelbuy.com\/wp-content\/uploads\/2025\/11\/Chienbinh_Print-3d_512px-300x300.png\" class=\"attachment-medium size-medium wp-image-1785\" alt=\"\" srcset=\"https:\/\/3dmodelbuy.com\/wp-content\/uploads\/2025\/11\/Chienbinh_Print-3d_512px-300x300.png 300w, https:\/\/3dmodelbuy.com\/wp-content\/uploads\/2025\/11\/Chienbinh_Print-3d_512px-150x150.png 150w, https:\/\/3dmodelbuy.com\/wp-content\/uploads\/2025\/11\/Chienbinh_Print-3d_512px-12x12.png 12w, https:\/\/3dmodelbuy.com\/wp-content\/uploads\/2025\/11\/Chienbinh_Print-3d_512px-100x100.png 100w, https:\/\/3dmodelbuy.com\/wp-content\/uploads\/2025\/11\/Chienbinh_Print-3d_512px.png 512w\" sizes=\"(max-width: 300px) 100vw, 300px\" \/>\t\t\t\t\t\t\t\t\t\t\t\t\t\t\t<\/div>\n\t\t\t\t<\/div>\n\t\t\t\t<div class=\"elementor-element elementor-element-167e2b6 elementor-widget elementor-widget-text-editor\" data-id=\"167e2b6\" data-element_type=\"widget\" data-widget_type=\"text-editor.default\">\n\t\t\t\t<div class=\"elementor-widget-container\">\n\t\t\t\t\t\t\t\t\t<strong>San ph\u1ea9m in 3d<\/strong><br>\n\n<em>v\u1eadt ph\u1ea9m phong c\u00e1ch game<\/em>\t\t\t\t\t\t\t\t<\/div>\n\t\t\t\t<\/div>\n\t\t\t\t<\/div>\n\t\t\t\t\t<\/div>\n\t\t\t\t<\/div>\n\t\t<div class=\"elementor-element elementor-element-9eff97c e-flex e-con-boxed e-con e-parent\" data-id=\"9eff97c\" data-element_type=\"container\">\n\t\t\t\t\t<div class=\"e-con-inner\">\n\t\t<div class=\"elementor-element elementor-element-d340fb5 e-con-full e-flex e-con e-child\" data-id=\"d340fb5\" data-element_type=\"container\">\n\t\t\t\t<div class=\"elementor-element elementor-element-fa633b6 elementor-widget elementor-widget-image\" data-id=\"fa633b6\" data-element_type=\"widget\" data-widget_type=\"image.default\">\n\t\t\t\t<div class=\"elementor-widget-container\">\n\t\t\t\t\t\t\t\t\t\t\t\t\t\t\t<img loading=\"lazy\" decoding=\"async\" width=\"300\" height=\"300\" src=\"https:\/\/3dmodelbuy.com\/wp-content\/uploads\/2025\/11\/QuaiThu_512px-300x300.png\" class=\"attachment-medium size-medium wp-image-1788\" alt=\"\" srcset=\"https:\/\/3dmodelbuy.com\/wp-content\/uploads\/2025\/11\/QuaiThu_512px-300x300.png 300w, https:\/\/3dmodelbuy.com\/wp-content\/uploads\/2025\/11\/QuaiThu_512px-150x150.png 150w, https:\/\/3dmodelbuy.com\/wp-content\/uploads\/2025\/11\/QuaiThu_512px-12x12.png 12w, https:\/\/3dmodelbuy.com\/wp-content\/uploads\/2025\/11\/QuaiThu_512px-100x100.png 100w, https:\/\/3dmodelbuy.com\/wp-content\/uploads\/2025\/11\/QuaiThu_512px.png 512w\" sizes=\"(max-width: 300px) 100vw, 300px\" \/>\t\t\t\t\t\t\t\t\t\t\t\t\t\t\t<\/div>\n\t\t\t\t<\/div>\n\t\t\t\t<div class=\"elementor-element elementor-element-6163efc elementor-widget elementor-widget-text-editor\" data-id=\"6163efc\" data-element_type=\"widget\" data-widget_type=\"text-editor.default\">\n\t\t\t\t<div class=\"elementor-widget-container\">\n\t\t\t\t\t\t\t\t\t<strong>Qu\u00e1i v\u1eadt <\/strong><br>\n\n<em>Q\u00eda th\u00fa k\u1ef3 d\u1ecb c\u00e1c lo\u1ea1i<\/em>\t\t\t\t\t\t\t\t<\/div>\n\t\t\t\t<\/div>\n\t\t\t\t<\/div>\n\t\t<div class=\"elementor-element elementor-element-a154ca5 e-con-full e-flex e-con e-child\" data-id=\"a154ca5\" data-element_type=\"container\">\n\t\t\t\t<div class=\"elementor-element elementor-element-45220f2 elementor-widget elementor-widget-image\" data-id=\"45220f2\" data-element_type=\"widget\" data-widget_type=\"image.default\">\n\t\t\t\t<div class=\"elementor-widget-container\">\n\t\t\t\t\t\t\t\t\t\t\t\t\t\t\t<img loading=\"lazy\" decoding=\"async\" width=\"300\" height=\"300\" src=\"https:\/\/3dmodelbuy.com\/wp-content\/uploads\/2025\/11\/VuKhi_512px-300x300.png\" class=\"attachment-medium size-medium wp-image-1789\" alt=\"\" srcset=\"https:\/\/3dmodelbuy.com\/wp-content\/uploads\/2025\/11\/VuKhi_512px-300x300.png 300w, https:\/\/3dmodelbuy.com\/wp-content\/uploads\/2025\/11\/VuKhi_512px-150x150.png 150w, https:\/\/3dmodelbuy.com\/wp-content\/uploads\/2025\/11\/VuKhi_512px-12x12.png 12w, https:\/\/3dmodelbuy.com\/wp-content\/uploads\/2025\/11\/VuKhi_512px-100x100.png 100w, https:\/\/3dmodelbuy.com\/wp-content\/uploads\/2025\/11\/VuKhi_512px.png 512w\" sizes=\"(max-width: 300px) 100vw, 300px\" \/>\t\t\t\t\t\t\t\t\t\t\t\t\t\t\t<\/div>\n\t\t\t\t<\/div>\n\t\t\t\t<div class=\"elementor-element elementor-element-baf084d elementor-widget elementor-widget-text-editor\" data-id=\"baf084d\" data-element_type=\"widget\" data-widget_type=\"text-editor.default\">\n\t\t\t\t<div class=\"elementor-widget-container\">\n\t\t\t\t\t\t\t\t\t<strong>V\u0169 kh\u00ed<\/strong><br>\n\n<em>V\u0169 kh\u00ed chi\u1ebfn \u0111\u1ea5u  game<\/em>\t\t\t\t\t\t\t\t<\/div>\n\t\t\t\t<\/div>\n\t\t\t\t<\/div>\n\t\t<div class=\"elementor-element elementor-element-c50da8b e-con-full e-flex e-con e-child\" data-id=\"c50da8b\" data-element_type=\"container\">\n\t\t\t\t<div class=\"elementor-element elementor-element-b6b09d5 elementor-widget elementor-widget-image\" data-id=\"b6b09d5\" data-element_type=\"widget\" data-widget_type=\"image.default\">\n\t\t\t\t<div class=\"elementor-widget-container\">\n\t\t\t\t\t\t\t\t\t\t\t\t\t\t\t<img loading=\"lazy\" decoding=\"async\" width=\"300\" height=\"300\" src=\"https:\/\/3dmodelbuy.com\/wp-content\/uploads\/2025\/11\/Heli_BG-300x300.png\" class=\"attachment-medium size-medium wp-image-1017\" alt=\"\" srcset=\"https:\/\/3dmodelbuy.com\/wp-content\/uploads\/2025\/11\/Heli_BG-300x300.png 300w, https:\/\/3dmodelbuy.com\/wp-content\/uploads\/2025\/11\/Heli_BG-100x100.png 100w, https:\/\/3dmodelbuy.com\/wp-content\/uploads\/2025\/11\/Heli_BG-600x600.png 600w, https:\/\/3dmodelbuy.com\/wp-content\/uploads\/2025\/11\/Heli_BG-150x150.png 150w, https:\/\/3dmodelbuy.com\/wp-content\/uploads\/2025\/11\/Heli_BG.png 702w\" sizes=\"(max-width: 300px) 100vw, 300px\" \/>\t\t\t\t\t\t\t\t\t\t\t\t\t\t\t<\/div>\n\t\t\t\t<\/div>\n\t\t\t\t<div class=\"elementor-element elementor-element-12d6726 elementor-widget elementor-widget-text-editor\" data-id=\"12d6726\" data-element_type=\"widget\" data-widget_type=\"text-editor.default\">\n\t\t\t\t<div class=\"elementor-widget-container\">\n\t\t\t\t\t\t\t\t\t<strong>C\u01a1 gi\u1edbi Qu\u00e2n s\u1ef1<\/strong><br>\n\n<em>C\u01a1 gi\u1edbi th\u1ef1c chi\u1ebfn c\u00e1c lo\u1ea1i<\/em>\n\t\t\t\t\t\t\t\t<\/div>\n\t\t\t\t<\/div>\n\t\t\t\t<\/div>\n\t\t<div class=\"elementor-element elementor-element-c35050d e-con-full e-flex e-con e-child\" data-id=\"c35050d\" data-element_type=\"container\">\n\t\t\t\t<div class=\"elementor-element elementor-element-46acc53 elementor-widget elementor-widget-image\" data-id=\"46acc53\" data-element_type=\"widget\" data-widget_type=\"image.default\">\n\t\t\t\t<div class=\"elementor-widget-container\">\n\t\t\t\t\t\t\t\t\t\t\t\t\t\t\t<img loading=\"lazy\" decoding=\"async\" width=\"300\" height=\"287\" src=\"https:\/\/3dmodelbuy.com\/wp-content\/uploads\/2025\/11\/Art_thietke-2-D-300x287.png\" class=\"attachment-medium size-medium wp-image-1793\" alt=\"\" srcset=\"https:\/\/3dmodelbuy.com\/wp-content\/uploads\/2025\/11\/Art_thietke-2-D-300x287.png 300w, https:\/\/3dmodelbuy.com\/wp-content\/uploads\/2025\/11\/Art_thietke-2-D-13x12.png 13w, https:\/\/3dmodelbuy.com\/wp-content\/uploads\/2025\/11\/Art_thietke-2-D.png 512w\" sizes=\"(max-width: 300px) 100vw, 300px\" \/>\t\t\t\t\t\t\t\t\t\t\t\t\t\t\t<\/div>\n\t\t\t\t<\/div>\n\t\t\t\t<div class=\"elementor-element elementor-element-b66cc7f elementor-widget elementor-widget-text-editor\" data-id=\"b66cc7f\" data-element_type=\"widget\" data-widget_type=\"text-editor.default\">\n\t\t\t\t<div class=\"elementor-widget-container\">\n\t\t\t\t\t\t\t\t\t<strong>\u00dd t\u01b0\u1edfng m\u1edbi<\/strong><br>\n\n<em>Thi\u1ebft k\u1ebf ng\u1eabu h\u1ee9ng 3d game<\/em>\t\t\t\t\t\t\t\t<\/div>\n\t\t\t\t<\/div>\n\t\t\t\t<\/div>\n\t\t\t\t\t<\/div>\n\t\t\t\t<\/div>\n\t\t\t\t<\/div>\n\t\t","protected":false},"excerpt":{"rendered":"<p>N\u01a1i \u0111\u00e2y Th\u01b0 vi\u1ec7n t\u1ef1 ch\u1ecdn d\u00e0nh cho b\u1ea1n T\u1ea5t c\u1ea3 \u1edf \u0111\u00e2y \u0110\u1ed3 d\u00f9ng N\u1ed9i th\u1ea5t. C\u00e1c \u0111\u1ed3 d\u00f9ng n\u1ed9i th\u1ea5t ph\u1ed5 bi\u1ebfn 3d model c\u1ed5 \u0111i\u1ec3n. V\u1eadt d\u1ee5ng &#8211; hoa ti\u1ebft th\u1eddi c\u1ed5 C\u01a1 gi\u1edbi Hi\u1ec7n \u0111\u1ea1i NHi\u1ec1u lo\u1ea1i xe thi\u1ebft k\u1ebf l\u1ea1. San ph\u1ea9m in 3d v\u1eadt ph\u1ea9m phong c\u00e1ch game Qu\u00e1i [&hellip;]<\/p>\n","protected":false},"author":1,"featured_media":0,"parent":0,"menu_order":0,"comment_status":"closed","ping_status":"closed","template":"","meta":{"footnotes":""},"class_list":["post-1565","page","type-page","status-publish","hentry"],"blocksy_meta":{"vertical_spacing_source":"custom","has_hero_section":"disabled","styles_descriptor":{"styles":{"desktop":"","tablet":"","mobile":""},"google_fonts":[],"version":6}},"_links":{"self":[{"href":"https:\/\/3dmodelbuy.com\/index.php?rest_route=\/wp\/v2\/pages\/1565","targetHints":{"allow":["GET"]}}],"collection":[{"href":"https:\/\/3dmodelbuy.com\/index.php?rest_route=\/wp\/v2\/pages"}],"about":[{"href":"https:\/\/3dmodelbuy.com\/index.php?rest_route=\/wp\/v2\/types\/page"}],"author":[{"embeddable":true,"href":"https:\/\/3dmodelbuy.com\/index.php?rest_route=\/wp\/v2\/users\/1"}],"replies":[{"embeddable":true,"href":"https:\/\/3dmodelbuy.com\/index.php?rest_route=%2Fwp%2Fv2%2Fcomments&post=1565"}],"version-history":[{"count":46,"href":"https:\/\/3dmodelbuy.com\/index.php?rest_route=\/wp\/v2\/pages\/1565\/revisions"}],"predecessor-version":[{"id":1885,"href":"https:\/\/3dmodelbuy.com\/index.php?rest_route=\/wp\/v2\/pages\/1565\/revisions\/1885"}],"wp:attachment":[{"href":"https:\/\/3dmodelbuy.com\/index.php?rest_route=%2Fwp%2Fv2%2Fmedia&parent=1565"}],"curies":[{"name":"wp","href":"https:\/\/api.w.org\/{rel}","templated":true}]}}