{"id":1545,"date":"2025-11-22T16:22:34","date_gmt":"2025-11-22T09:22:34","guid":{"rendered":"https:\/\/3dmodelbuy.com\/?page_id=1545"},"modified":"2026-01-03T09:26:24","modified_gmt":"2026-01-03T02:26:24","slug":"art-desgn","status":"publish","type":"page","link":"https:\/\/3dmodelbuy.com\/?page_id=1545","title":{"rendered":"Art Desgn"},"content":{"rendered":"<h2>M\u00f4 H\u00ecnh \u00dd T\u01b0\u1edfng M\u1edbi<\/h2>\n<p style=\"text-align: center;\">Ch\u00fang t\u00f4i kh\u00f4ng ch\u1ec9 t\u1ea1o ra m\u00f4 h\u00ecnh; ch\u00fang t\u00f4i thi\u1ebft k\u1ebf c\u01a1 ch\u1ebf. D\u01b0\u1edbi \u0111\u00e2y l\u00e0 c\u00e1c Concept \u0111\u1ed9c quy\u1ec1n, s\u1eb5n s\u00e0ng \u0111\u1ec3 \u0111\u01b0\u1ee3c ph\u00e1t tri\u1ec3n th\u00e0nh t\u00e0i s\u1ea3n Game-Ready v\u1edbi quy tr\u00ecnh PBR ho\u00e0n ch\u1ec9nh.<\/p>\n","protected":false},"excerpt":{"rendered":"<p>M\u00f4 H\u00ecnh \u00dd T\u01b0\u1edfng M\u1edbi Ch\u00fang t\u00f4i kh\u00f4ng ch\u1ec9 t\u1ea1o ra m\u00f4 h\u00ecnh; ch\u00fang t\u00f4i thi\u1ebft k\u1ebf c\u01a1 ch\u1ebf. D\u01b0\u1edbi \u0111\u00e2y l\u00e0 c\u00e1c Concept \u0111\u1ed9c quy\u1ec1n, s\u1eb5n s\u00e0ng \u0111\u1ec3 \u0111\u01b0\u1ee3c ph\u00e1t tri\u1ec3n th\u00e0nh t\u00e0i s\u1ea3n Game-Ready v\u1edbi quy tr\u00ecnh PBR ho\u00e0n ch\u1ec9nh.<\/p>\n","protected":false},"author":1,"featured_media":0,"parent":0,"menu_order":0,"comment_status":"closed","ping_status":"closed","template":"","meta":{"footnotes":""},"class_list":["post-1545","page","type-page","status-publish","hentry"],"blocksy_meta":{"has_hero_section":"disabled","styles_descriptor":{"styles":{"desktop":"","tablet":"","mobile":""},"google_fonts":[],"version":6}},"_links":{"self":[{"href":"https:\/\/3dmodelbuy.com\/index.php?rest_route=\/wp\/v2\/pages\/1545","targetHints":{"allow":["GET"]}}],"collection":[{"href":"https:\/\/3dmodelbuy.com\/index.php?rest_route=\/wp\/v2\/pages"}],"about":[{"href":"https:\/\/3dmodelbuy.com\/index.php?rest_route=\/wp\/v2\/types\/page"}],"author":[{"embeddable":true,"href":"https:\/\/3dmodelbuy.com\/index.php?rest_route=\/wp\/v2\/users\/1"}],"replies":[{"embeddable":true,"href":"https:\/\/3dmodelbuy.com\/index.php?rest_route=%2Fwp%2Fv2%2Fcomments&post=1545"}],"version-history":[{"count":6,"href":"https:\/\/3dmodelbuy.com\/index.php?rest_route=\/wp\/v2\/pages\/1545\/revisions"}],"predecessor-version":[{"id":1924,"href":"https:\/\/3dmodelbuy.com\/index.php?rest_route=\/wp\/v2\/pages\/1545\/revisions\/1924"}],"wp:attachment":[{"href":"https:\/\/3dmodelbuy.com\/index.php?rest_route=%2Fwp%2Fv2%2Fmedia&parent=1545"}],"curies":[{"name":"wp","href":"https:\/\/api.w.org\/{rel}","templated":true}]}}